{"id":857,"date":"2023-12-12T20:56:46","date_gmt":"2023-12-12T20:56:46","guid":{"rendered":"https:\/\/usbraganca.pt\/?page_id=857"},"modified":"2025-09-30T13:04:38","modified_gmt":"2025-09-30T13:04:38","slug":"horarios-2","status":"publish","type":"page","link":"https:\/\/usbraganca.pt\/?page_id=857","title":{"rendered":"Hor\u00e1rios"},"content":{"rendered":"\t\t<div data-elementor-type=\"wp-page\" data-elementor-id=\"857\" class=\"elementor elementor-857\">\n\t\t\t\t<div class=\"elementor-element elementor-element-6c07284 e-flex e-con-boxed e-con e-parent\" data-id=\"6c07284\" data-element_type=\"container\" data-e-type=\"container\">\n\t\t\t\t\t<div class=\"e-con-inner\">\n\t\t\t\t<div class=\"elementor-element elementor-element-e069fb6 elementor-widget elementor-widget-image\" data-id=\"e069fb6\" data-element_type=\"widget\" data-e-type=\"widget\" data-widget_type=\"image.default\">\n\t\t\t\t<div class=\"elementor-widget-container\">\n\t\t\t\t\t\t\t\t\t\t\t\t\t\t\t<img fetchpriority=\"high\" decoding=\"async\" width=\"2000\" height=\"400\" src=\"https:\/\/usbraganca.pt\/wp-content\/uploads\/2023\/12\/3.png\" class=\"attachment-full size-full wp-image-859\" alt=\"\" srcset=\"https:\/\/usbraganca.pt\/wp-content\/uploads\/2023\/12\/3.png 2000w, https:\/\/usbraganca.pt\/wp-content\/uploads\/2023\/12\/3-300x60.png 300w, https:\/\/usbraganca.pt\/wp-content\/uploads\/2023\/12\/3-1024x205.png 1024w, https:\/\/usbraganca.pt\/wp-content\/uploads\/2023\/12\/3-768x154.png 768w, https:\/\/usbraganca.pt\/wp-content\/uploads\/2023\/12\/3-1536x307.png 1536w\" sizes=\"(max-width: 2000px) 100vw, 2000px\" \/>\t\t\t\t\t\t\t\t\t\t\t\t\t\t\t<\/div>\n\t\t\t\t<\/div>\n\t\t\t\t\t<\/div>\n\t\t\t\t<\/div>\n\t\t<div class=\"elementor-element elementor-element-251d1ab e-flex e-con-boxed e-con e-parent\" data-id=\"251d1ab\" data-element_type=\"container\" data-e-type=\"container\">\n\t\t\t\t\t<div class=\"e-con-inner\">\n\t\t\t\t<div class=\"elementor-element elementor-element-97fb4e9 elementor-widget elementor-widget-text-editor\" data-id=\"97fb4e9\" data-element_type=\"widget\" data-e-type=\"widget\" data-widget_type=\"text-editor.default\">\n\t\t\t\t<div class=\"elementor-widget-container\">\n\t\t\t\t\t\t\t\t\t<p style=\"text-align: center;\"><span style=\"font-size: 14pt;\"><strong>ANO LETIVO 2025\/2026<\/strong><\/span><\/p><p style=\"text-align: center;\"><span style=\"font-size: 14pt;\"><strong>Hor\u00e1rio Semanal<\/strong><\/span><\/p><table class=\" aligncenter\" style=\"height: 921px; width: 97.2559%; border-style: double; border-color: #030202;\"><tbody><tr style=\"height: 69px;\"><td style=\"height: 69px; width: 45.8296%; background-color: #050505;\" colspan=\"2\" width=\"330\"><p><span style=\"color: #ffffff;\"><strong>Segunda<\/strong><\/span><\/p><\/td><td style=\"height: 69px; width: 26.9936%; background-color: #050505;\" colspan=\"2\" width=\"255\"><p><span style=\"color: #ffffff;\"><strong>Ter\u00e7a<\/strong><\/span><\/p><\/td><td style=\"height: 69px; width: 18.3167%; background-color: #050505;\" width=\"123\"><p><span style=\"color: #ffffff;\"><strong>Quarta<\/strong><\/span><\/p><\/td><td style=\"height: 69px; width: 15.2505%; background-color: #050505;\" width=\"113\"><p><span style=\"color: #ffffff;\"><strong>Quinta<\/strong><\/span><\/p><\/td><td style=\"height: 69px; width: 14.895%; background-color: #050505;\" width=\"113\"><p><span style=\"color: #ffffff;\"><strong>Sexta<\/strong><\/span><\/p><\/td><td style=\"height: 69px; width: 5.03476%; background-color: #050505;\" width=\"0\">\u00a0<\/td><\/tr><tr style=\"height: 144px;\"><td style=\"height: 197px; width: 45.8296%; background-color: #f2ebd5;\" colspan=\"2\" rowspan=\"2\" width=\"330\"><p><strong>Gin\u00e1stica<\/strong><\/p><p><strong>(09:00-09:50)<\/strong><\/p><\/td><td style=\"height: 144px; width: 26.9936%; background-color: #f8edfa;\" colspan=\"2\" width=\"255\">\u00a0<\/td><td style=\"height: 144px; width: 18.3167%; background-color: #f5e3c9;\" width=\"123\"><p>Gin\u00e1stica<\/p><p>(09:00-09:50)<\/p><\/td><td style=\"height: 197px; width: 15.2505%; background-color: #dcf5e6;\" rowspan=\"2\" width=\"113\"><p>Dan\u00e7a<\/p><p>(09:00-09:50)<\/p><\/td><td style=\"height: 197px; width: 14.895%; background-color: #e2dff7;\" rowspan=\"2\" width=\"113\"><p>Gin\u00e1stica<\/p><p>(09:00-09:50)<\/p><\/td><td style=\"height: 144px; width: 5.03476%; background-color: #050505;\" width=\"0\">\u00a0<\/td><\/tr><tr style=\"height: 53px;\"><td style=\"height: 144px; width: 26.9936%; background-color: #f8edfa;\" colspan=\"2\" rowspan=\"2\" width=\"255\"><p>Yoga<\/p><p>(09:30-10:20)<\/p><\/td><td style=\"height: 144px; width: 18.3167%; background-color: #f5e3c9;\" rowspan=\"2\" width=\"123\"><p>Yoga<\/p><p>(09:30-10:20)<\/p><\/td><td style=\"height: 53px; width: 5.03476%; background-color: #050505;\" width=\"0\">\u00a0<\/td><\/tr><tr style=\"height: 91px;\"><td style=\"height: 235px; width: 45.8296%; background-color: #f2ebd5;\" colspan=\"2\" rowspan=\"2\" width=\"330\">\u00a0<\/td><td style=\"height: 235px; width: 15.2505%; background-color: #dcf5e6;\" rowspan=\"2\" width=\"113\"><p>Fotografia<\/p><p>(10:00-11:50<\/p><\/td><td style=\"height: 235px; width: 14.895%; background-color: #e2dff7;\" rowspan=\"2\" width=\"113\">\u00a0<\/td><td style=\"height: 91px; width: 5.03476%; background-color: #050505;\" width=\"0\">\u00a0<\/td><\/tr><tr style=\"height: 144px;\"><td style=\"height: 144px; width: 22.2176%; background-color: #f8edfa;\" width=\"142\"><p>Teatro<\/p><p>(10:30-11:50)<\/p><\/td><td style=\"height: 144px; width: 4.776%; background-color: #f8edfa;\" width=\"113\"><p>Ingl\u00eas<\/p><p>10:30-11:20)<\/p><\/td><td style=\"height: 144px; width: 18.3167%; background-color: #f5e3c9;\" width=\"123\"><p>Espanhol<\/p><p>10:30-11:20)<\/p><\/td><td style=\"height: 144px; width: 5.03476%; background-color: #050505;\" width=\"0\">\u00a0<\/td><\/tr><tr style=\"height: 48px;\"><td style=\"height: 48px; width: 121.285%; background-color: #0a0a0a;\" colspan=\"7\" width=\"935\"><p style=\"text-align: center;\"><span style=\"color: #ffffff;\"><strong>A L M O \u00c7 O<\/strong><\/span><\/p><\/td><td style=\"height: 48px; width: 5.03476%; background-color: #050505;\" width=\"0\">\u00a0<\/td><\/tr><tr style=\"height: 151px;\"><td style=\"height: 151px; width: 45.8296%; background-color: #f2ebd5;\" colspan=\"2\" width=\"330\"><p><strong>Filosofia<\/strong><\/p><p><strong>(14:30-15:20)<\/strong><\/p><\/td><td style=\"height: 151px; width: 26.9936%; background-color: #f8edfa;\" colspan=\"2\" width=\"255\"><p>L\u00edngua e Literatura Portuguesas<\/p><p>(14:30-15:20)<\/p><\/td><td style=\"height: 151px; width: 18.3167%; background-color: #f5e3c9;\" width=\"123\"><p>Franc\u00eas<\/p><p>(14:30-15:20)<\/p><\/td><td style=\"height: 151px; width: 15.2505%; background-color: #dcf5e6;\" width=\"113\"><p>\u00c9tica e Cidadania<\/p><p>(14:30-15:20)<\/p><\/td><td style=\"height: 325px; width: 14.895%; background-color: #e2dff7;\" rowspan=\"2\" width=\"113\"><p>Semin\u00e1rio<\/p><p>(15:00-17:00)<\/p><\/td><td style=\"height: 151px; width: 5.03476%; background-color: #050505;\" width=\"0\">\u00a0<\/td><\/tr><tr style=\"height: 174px;\"><td style=\"height: 174px; width: 12.426%; background-color: #f2ebd5;\" width=\"113\"><p><strong>Arraiolos<\/strong><\/p><p><strong>(15:30-16:50)<\/strong><\/p><\/td><td style=\"height: 174px; width: 33.4036%; background-color: #f2ebd5;\" width=\"217\"><p><strong>Sa\u00fade e Qualidade de Vida<\/strong><\/p><p><strong>(15:30-16:50)<\/strong><\/p><\/td><td style=\"height: 174px; width: 26.9936%; background-color: #f8edfa;\" colspan=\"2\" width=\"255\"><p>JUBILATO<\/p><p>(15:30-16:50)<\/p><\/td><td style=\"height: 174px; width: 18.3167%; background-color: #f5e3c9;\" width=\"123\"><p>Artes Pl\u00e1sticas<\/p><p>(15:30-16:50)<\/p><\/td><td style=\"height: 174px; width: 15.2505%; background-color: #dcf5e6;\" width=\"113\"><p>Inform\u00e1tica<\/p><p>(15:30-16:50)<\/p><\/td><td style=\"text-align: center; height: 174px; width: 5.03476%; background-color: #050505;\" width=\"0\">\u00a0<\/td><\/tr><\/tbody><\/table>\t\t\t\t\t\t\t\t<\/div>\n\t\t\t\t<\/div>\n\t\t\t\t\t<\/div>\n\t\t\t\t<\/div>\n\t\t<div class=\"elementor-element elementor-element-54e016e e-flex e-con-boxed e-con e-parent\" data-id=\"54e016e\" data-element_type=\"container\" data-e-type=\"container\">\n\t\t\t\t\t<div class=\"e-con-inner\">\n\t\t\t\t<div class=\"elementor-element elementor-element-7d67e05 elementor-widget elementor-widget-image\" data-id=\"7d67e05\" data-element_type=\"widget\" data-e-type=\"widget\" data-widget_type=\"image.default\">\n\t\t\t\t<div class=\"elementor-widget-container\">\n\t\t\t\t\t\t\t\t\t\t\t\t\t\t\t<img decoding=\"async\" src=\"https:\/\/usbraganca.pt\/wp-content\/uploads\/2024\/10\/Horario-1.png\" title=\"\" alt=\"\" loading=\"lazy\" \/>\t\t\t\t\t\t\t\t\t\t\t\t\t\t\t<\/div>\n\t\t\t\t<\/div>\n\t\t\t\t\t<\/div>\n\t\t\t\t<\/div>\n\t\t\t\t<\/div>\n\t\t","protected":false},"excerpt":{"rendered":"<p>ANO LETIVO 2025\/2026 Hor\u00e1rio Semanal Segunda Ter\u00e7a Quarta Quinta Sexta \u00a0 Gin\u00e1stica (09:00-09:50) \u00a0 Gin\u00e1stica (09:00-09:50) Dan\u00e7a (09:00-09:50) Gin\u00e1stica (09:00-09:50) \u00a0 Yoga (09:30-10:20) Yoga (09:30-10:20) \u00a0 \u00a0 Fotografia (10:00-11:50 \u00a0 \u00a0 Teatro (10:30-11:50) Ingl\u00eas 10:30-11:20) Espanhol 10:30-11:20) \u00a0 A L M O \u00c7 O \u00a0 Filosofia (14:30-15:20) L\u00edngua e Literatura Portuguesas (14:30-15:20) Franc\u00eas (14:30-15:20) \u00c9tica [&hellip;]<\/p>\n","protected":false},"author":1,"featured_media":0,"parent":0,"menu_order":0,"comment_status":"closed","ping_status":"closed","template":"","meta":{"site-sidebar-layout":"no-sidebar","site-content-layout":"page-builder","ast-site-content-layout":"full-width-container","site-content-style":"default","site-sidebar-style":"default","ast-global-header-display":"","ast-banner-title-visibility":"","ast-main-header-display":"","ast-hfb-above-header-display":"","ast-hfb-below-header-display":"","ast-hfb-mobile-header-display":"","site-post-title":"disabled","ast-breadcrumbs-content":"","ast-featured-img":"disabled","footer-sml-layout":"","ast-disable-related-posts":"","theme-transparent-header-meta":"","adv-header-id-meta":"","stick-header-meta":"","header-above-stick-meta":"","header-main-stick-meta":"","header-below-stick-meta":"","astra-migrate-meta-layouts":"set","ast-page-background-enabled":"default","ast-page-background-meta":{"desktop":{"background-color":"","background-image":"","background-repeat":"repeat","background-position":"center center","background-size":"auto","background-attachment":"scroll","background-type":"","background-media":"","overlay-type":"","overlay-color":"","overlay-opacity":"","overlay-gradient":""},"tablet":{"background-color":"","background-image":"","background-repeat":"repeat","background-position":"center center","background-size":"auto","background-attachment":"scroll","background-type":"","background-media":"","overlay-type":"","overlay-color":"","overlay-opacity":"","overlay-gradient":""},"mobile":{"background-color":"","background-image":"","background-repeat":"repeat","background-position":"center center","background-size":"auto","background-attachment":"scroll","background-type":"","background-media":"","overlay-type":"","overlay-color":"","overlay-opacity":"","overlay-gradient":""}},"ast-content-background-meta":{"desktop":{"background-color":"var(--ast-global-color-5)","background-image":"","background-repeat":"repeat","background-position":"center center","background-size":"auto","background-attachment":"scroll","background-type":"","background-media":"","overlay-type":"","overlay-color":"","overlay-opacity":"","overlay-gradient":""},"tablet":{"background-color":"var(--ast-global-color-5)","background-image":"","background-repeat":"repeat","background-position":"center center","background-size":"auto","background-attachment":"scroll","background-type":"","background-media":"","overlay-type":"","overlay-color":"","overlay-opacity":"","overlay-gradient":""},"mobile":{"background-color":"var(--ast-global-color-5)","background-image":"","background-repeat":"repeat","background-position":"center center","background-size":"auto","background-attachment":"scroll","background-type":"","background-media":"","overlay-type":"","overlay-color":"","overlay-opacity":"","overlay-gradient":""}},"footnotes":""},"class_list":["post-857","page","type-page","status-publish","hentry"],"_links":{"self":[{"href":"https:\/\/usbraganca.pt\/index.php?rest_route=\/wp\/v2\/pages\/857","targetHints":{"allow":["GET"]}}],"collection":[{"href":"https:\/\/usbraganca.pt\/index.php?rest_route=\/wp\/v2\/pages"}],"about":[{"href":"https:\/\/usbraganca.pt\/index.php?rest_route=\/wp\/v2\/types\/page"}],"author":[{"embeddable":true,"href":"https:\/\/usbraganca.pt\/index.php?rest_route=\/wp\/v2\/users\/1"}],"replies":[{"embeddable":true,"href":"https:\/\/usbraganca.pt\/index.php?rest_route=%2Fwp%2Fv2%2Fcomments&post=857"}],"version-history":[{"count":0,"href":"https:\/\/usbraganca.pt\/index.php?rest_route=\/wp\/v2\/pages\/857\/revisions"}],"wp:attachment":[{"href":"https:\/\/usbraganca.pt\/index.php?rest_route=%2Fwp%2Fv2%2Fmedia&parent=857"}],"curies":[{"name":"wp","href":"https:\/\/api.w.org\/{rel}","templated":true}]}}