{"id":817,"date":"2023-12-12T10:05:40","date_gmt":"2023-12-12T10:05:40","guid":{"rendered":"https:\/\/usbraganca.pt\/?page_id=817"},"modified":"2024-09-30T11:00:54","modified_gmt":"2024-09-30T11:00:54","slug":"quem-somos-2","status":"publish","type":"page","link":"https:\/\/usbraganca.pt\/?page_id=817","title":{"rendered":"A Universidade"},"content":{"rendered":"\t\t<div data-elementor-type=\"wp-page\" data-elementor-id=\"817\" class=\"elementor elementor-817\">\n\t\t\t\t<div class=\"elementor-element elementor-element-9d64d29 e-flex e-con-boxed e-con e-parent\" data-id=\"9d64d29\" data-element_type=\"container\" data-e-type=\"container\">\n\t\t\t\t\t<div class=\"e-con-inner\">\n\t\t\t\t<div class=\"elementor-element elementor-element-0e72542 elementor-widget elementor-widget-image\" data-id=\"0e72542\" data-element_type=\"widget\" data-e-type=\"widget\" data-widget_type=\"image.default\">\n\t\t\t\t<div class=\"elementor-widget-container\">\n\t\t\t\t\t\t\t\t\t\t\t\t\t\t\t<img fetchpriority=\"high\" decoding=\"async\" width=\"2000\" height=\"400\" src=\"https:\/\/usbraganca.pt\/wp-content\/uploads\/2023\/12\/2.png\" class=\"attachment-full size-full wp-image-841\" alt=\"\" srcset=\"https:\/\/usbraganca.pt\/wp-content\/uploads\/2023\/12\/2.png 2000w, https:\/\/usbraganca.pt\/wp-content\/uploads\/2023\/12\/2-300x60.png 300w, https:\/\/usbraganca.pt\/wp-content\/uploads\/2023\/12\/2-1024x205.png 1024w, https:\/\/usbraganca.pt\/wp-content\/uploads\/2023\/12\/2-768x154.png 768w, https:\/\/usbraganca.pt\/wp-content\/uploads\/2023\/12\/2-1536x307.png 1536w\" sizes=\"(max-width: 2000px) 100vw, 2000px\" \/>\t\t\t\t\t\t\t\t\t\t\t\t\t\t\t<\/div>\n\t\t\t\t<\/div>\n\t\t\t\t\t<\/div>\n\t\t\t\t<\/div>\n\t\t<div class=\"elementor-element elementor-element-8b7e545 e-flex e-con-boxed e-con e-parent\" data-id=\"8b7e545\" data-element_type=\"container\" data-e-type=\"container\">\n\t\t\t\t\t<div class=\"e-con-inner\">\n\t\t\t\t\t<\/div>\n\t\t\t\t<\/div>\n\t\t<div class=\"elementor-element elementor-element-c352bf5 e-flex e-con-boxed e-con e-parent\" data-id=\"c352bf5\" data-element_type=\"container\" data-e-type=\"container\">\n\t\t\t\t\t<div class=\"e-con-inner\">\n\t\t\t\t<div class=\"elementor-element elementor-element-09b83fc elementor-widget elementor-widget-text-editor\" data-id=\"09b83fc\" data-element_type=\"widget\" data-e-type=\"widget\" data-widget_type=\"text-editor.default\">\n\t\t\t\t<div class=\"elementor-widget-container\">\n\t\t\t\t\t\t\t\t\t<p>A Universidade S\u00e9nior de Bragan\u00e7a, institu\u00edda e tutelada pela Associa\u00e7\u00e3o Cultural Bragan\u00e7a S\u00e9nior, criada em 08-03-2019, sucede \u00e0 Universidade S\u00e9nior de Rotary de Bragan\u00e7a, criada em 206 pelo Rotary Club de Bragan\u00e7a.<\/p><p>Tem sede e funciona em instala\u00e7\u00f5es cedidas pela C\u00e2mara Municipal de Bragan\u00e7a no Edif\u00edcio do Mercado Municipal, 2.\u00b0 Piso, Forte de S. Jo\u00e3o de Deus, 5300-263 BRAGAN\u00c7A, com o telefone 273333153 e os telem\u00f3veis 927193700\/965644216 e o endere\u00e7o de correio electr\u00f3nico <u>universidadeseniordebraganca@gmail.com<\/u>.<\/p><p>A Associa\u00e7\u00e3o Cultural Bragan\u00e7a S\u00e9nior foi criada com os seguintes objetivos:<\/p><ol><li>a) Promover o envelhecimento ativo e a troca de saberes adquiridos ao longo da vida;<\/li><li>b) Prestar apoio social e cultural \u00e0 popula\u00e7\u00e3o s\u00e9nior do concelho de Bragan\u00e7a;<\/li><li>c) Promover a preserva\u00e7\u00e3o do patrim\u00f3nio social e recreativo do concelho de Bragan\u00e7a;<\/li><li>d) Realizar manifesta\u00e7\u00f5es culturais, desportivas e a\u00e7\u00f5es de solidariedade social;<\/li><li>e) Promover la\u00e7os de solidariedade entre os cidad\u00e3os e desenvolver pr\u00e1ticas de vida saud\u00e1vel;<\/li><li>f) Estabelecer rela\u00e7\u00f5es de colabora\u00e7\u00e3o com institui\u00e7\u00f5es nacionais e estrangeiras em especial com as de apoio \u00e0 popula\u00e7\u00e3o s\u00e9nior;<\/li><li>g) Promover a realiza\u00e7\u00e3o de espet\u00e1culos para divulgar os valores das popula\u00e7\u00f5es do concelho de Bragan\u00e7a atrav\u00e9s de atividades recreativas, de a\u00e7\u00e3o e solidariedade social, de desporto e lazer e a\u00e7\u00f5es de conserva\u00e7\u00e3o da natureza e valoriza\u00e7\u00e3o do ambiente;<\/li><li>h) Tutelar uma universidade s\u00e9nior;<\/li><li>i) Promover visitas de estudo a museus, monumentos e outros locais de interesse cultural em Portugal ou no estrangeiro.<\/li><\/ol><p>A prossecu\u00e7\u00e3o de tais objetivos \u00e9 da responsabilidade da Universidade S\u00e9nior de Bragan\u00e7a que se organiza cada ano para lhes dar cumprimento. Para tal, oferece um conjunto de \u00e1reas disciplinares e de atividades como Direito e Cidadania, Ingl\u00eas, Espanhol, Literatura, Express\u00e3o Musical e Art\u00edstica, Artes Pl\u00e1sticas, Hist\u00f3ria e Etnografia, Sa\u00fade e Qualidade de Vida, Ecologia, Direito Can\u00f3nico, Clube de Ingl\u00eas, Teatro, Oficina de Escrita Criativa, Inform\u00e1tica, Dan\u00e7a e Gin\u00e1stica. Algumas s\u00e3o desenvolvidas em hor\u00e1rio semanal regular, outras em sess\u00f5es peri\u00f3dicas, quinzenais ou mensais. A oferta formativa \u00e9 resposta \u00e0s solicita\u00e7\u00f5es que t\u00eam chegado \u00e0 estrutura diretiva, tanto no seu perfil, na componente cient\u00edfico pedag\u00f3gica, como na organiza\u00e7\u00e3o dos hor\u00e1rios. O corpo docente \u00e9 formado por especialistas das \u00e1reas letivas em funcionamento, que colaboram de modo volunt\u00e1rio.<\/p><p>A sua inser\u00e7\u00e3o na comunidade \u00e9 significativa, com parcerias com o Instituto Polit\u00e9cnico de Bragan\u00e7a, C\u00e2mara Municipal de Bragan\u00e7a, Junta de Freguesia (Uni\u00e3o de Freguesias de S\u00e9, Santa Maria e Meixedo) e os Agrupamentos de Escolas de Em\u00eddio Garcia, Abade de Ba\u00e7al e Miguel Torga. Tem dois projetos de interven\u00e7\u00e3o na comunidade: um de um de interven\u00e7\u00e3o intergeracional com os alunos dos jardins de inf\u00e2ncia e das escolas b\u00e1sicas e secund\u00e1rias; outro de anima\u00e7\u00e3o cultural e solid\u00e1ria com os utentes dos lares e centros de dia e idosos em domic\u00edlio.<\/p><p>Este \u00e9 o nosso perfil atual: institui\u00e7\u00e3o com estatuto e personalidade jur\u00eddica pr\u00f3pria, a funcionar em instala\u00e7\u00f5es cedidas e j\u00e1 insuficientes para a dimens\u00e3o atual, com uma inscri\u00e7\u00e3o total de 92 seniores, a frequentar 16 disciplinas e atividades, com um hor\u00e1rio de aulas di\u00e1rias de segunda a sexta que ocupam a manh\u00e3 e a tarde e com uma sexta livre por m\u00eas para excurs\u00f5es tur\u00edsticas e culturais.<\/p>\t\t\t\t\t\t\t\t<\/div>\n\t\t\t\t<\/div>\n\t\t\t\t\t<\/div>\n\t\t\t\t<\/div>\n\t\t\t\t<\/div>\n\t\t","protected":false},"excerpt":{"rendered":"<p>A Universidade S\u00e9nior de Bragan\u00e7a, institu\u00edda e tutelada pela Associa\u00e7\u00e3o Cultural Bragan\u00e7a S\u00e9nior, criada em 08-03-2019, sucede \u00e0 Universidade S\u00e9nior de Rotary de Bragan\u00e7a, criada em 206 pelo Rotary Club de Bragan\u00e7a. Tem sede e funciona em instala\u00e7\u00f5es cedidas pela C\u00e2mara Municipal de Bragan\u00e7a no Edif\u00edcio do Mercado Municipal, 2.\u00b0 Piso, Forte de S. Jo\u00e3o [&hellip;]<\/p>\n","protected":false},"author":1,"featured_media":0,"parent":0,"menu_order":0,"comment_status":"closed","ping_status":"closed","template":"elementor_theme","meta":{"site-sidebar-layout":"no-sidebar","site-content-layout":"page-builder","ast-site-content-layout":"full-width-container","site-content-style":"default","site-sidebar-style":"default","ast-global-header-display":"","ast-banner-title-visibility":"","ast-main-header-display":"","ast-hfb-above-header-display":"","ast-hfb-below-header-display":"","ast-hfb-mobile-header-display":"","site-post-title":"disabled","ast-breadcrumbs-content":"","ast-featured-img":"disabled","footer-sml-layout":"","ast-disable-related-posts":"","theme-transparent-header-meta":"","adv-header-id-meta":"","stick-header-meta":"","header-above-stick-meta":"","header-main-stick-meta":"","header-below-stick-meta":"","astra-migrate-meta-layouts":"set","ast-page-background-enabled":"default","ast-page-background-meta":{"desktop":{"background-color":"","background-image":"","background-repeat":"repeat","background-position":"center center","background-size":"auto","background-attachment":"scroll","background-type":"","background-media":"","overlay-type":"","overlay-color":"","overlay-opacity":"","overlay-gradient":""},"tablet":{"background-color":"","background-image":"","background-repeat":"repeat","background-position":"center center","background-size":"auto","background-attachment":"scroll","background-type":"","background-media":"","overlay-type":"","overlay-color":"","overlay-opacity":"","overlay-gradient":""},"mobile":{"background-color":"","background-image":"","background-repeat":"repeat","background-position":"center center","background-size":"auto","background-attachment":"scroll","background-type":"","background-media":"","overlay-type":"","overlay-color":"","overlay-opacity":"","overlay-gradient":""}},"ast-content-background-meta":{"desktop":{"background-color":"var(--ast-global-color-5)","background-image":"","background-repeat":"repeat","background-position":"center center","background-size":"auto","background-attachment":"scroll","background-type":"","background-media":"","overlay-type":"","overlay-color":"","overlay-opacity":"","overlay-gradient":""},"tablet":{"background-color":"var(--ast-global-color-5)","background-image":"","background-repeat":"repeat","background-position":"center center","background-size":"auto","background-attachment":"scroll","background-type":"","background-media":"","overlay-type":"","overlay-color":"","overlay-opacity":"","overlay-gradient":""},"mobile":{"background-color":"var(--ast-global-color-5)","background-image":"","background-repeat":"repeat","background-position":"center center","background-size":"auto","background-attachment":"scroll","background-type":"","background-media":"","overlay-type":"","overlay-color":"","overlay-opacity":"","overlay-gradient":""}},"footnotes":""},"class_list":["post-817","page","type-page","status-publish","hentry"],"_links":{"self":[{"href":"https:\/\/usbraganca.pt\/index.php?rest_route=\/wp\/v2\/pages\/817","targetHints":{"allow":["GET"]}}],"collection":[{"href":"https:\/\/usbraganca.pt\/index.php?rest_route=\/wp\/v2\/pages"}],"about":[{"href":"https:\/\/usbraganca.pt\/index.php?rest_route=\/wp\/v2\/types\/page"}],"author":[{"embeddable":true,"href":"https:\/\/usbraganca.pt\/index.php?rest_route=\/wp\/v2\/users\/1"}],"replies":[{"embeddable":true,"href":"https:\/\/usbraganca.pt\/index.php?rest_route=%2Fwp%2Fv2%2Fcomments&post=817"}],"version-history":[{"count":0,"href":"https:\/\/usbraganca.pt\/index.php?rest_route=\/wp\/v2\/pages\/817\/revisions"}],"wp:attachment":[{"href":"https:\/\/usbraganca.pt\/index.php?rest_route=%2Fwp%2Fv2%2Fmedia&parent=817"}],"curies":[{"name":"wp","href":"https:\/\/api.w.org\/{rel}","templated":true}]}}