{"id":1795,"date":"2025-05-21T14:57:04","date_gmt":"2025-05-21T14:57:04","guid":{"rendered":"https:\/\/usbraganca.pt\/?page_id=1795"},"modified":"2025-05-21T15:14:41","modified_gmt":"2025-05-21T15:14:41","slug":"17-o-encontro-de-universidades-seniores","status":"publish","type":"page","link":"https:\/\/usbraganca.pt\/?page_id=1795","title":{"rendered":"17.\u00ba Encontro de Universidades S\u00e9niores"},"content":{"rendered":"\t\t<div data-elementor-type=\"wp-page\" data-elementor-id=\"1795\" class=\"elementor elementor-1795\">\n\t\t\t\t<div class=\"elementor-element elementor-element-42968b6 e-flex e-con-boxed e-con e-parent\" data-id=\"42968b6\" data-element_type=\"container\" data-e-type=\"container\">\n\t\t\t\t\t<div class=\"e-con-inner\">\n\t\t\t\t<div class=\"elementor-element elementor-element-7c66330 elementor-widget elementor-widget-image\" data-id=\"7c66330\" data-element_type=\"widget\" data-e-type=\"widget\" data-widget_type=\"image.default\">\n\t\t\t\t<div class=\"elementor-widget-container\">\n\t\t\t\t\t\t\t\t\t\t\t\t\t\t\t<img decoding=\"async\" src=\"https:\/\/usbraganca.pt\/wp-content\/uploads\/elementor\/thumbs\/pexels-photo-17590659-17590659-scaled-r61sdofgwqy7osb2vs1bqdjm3ujn5y1wgazt0vdggw.jpg\" title=\"pexels-photo-17590659-17590659\" alt=\"Colorful rows of empty stadium seats create a vibrant pattern with alternating blue and yellow hues.\" loading=\"lazy\" \/>\t\t\t\t\t\t\t\t\t\t\t\t\t\t\t<\/div>\n\t\t\t\t<\/div>\n\t\t\t\t\t<\/div>\n\t\t\t\t<\/div>\n\t\t<div class=\"elementor-element elementor-element-3c32d96 e-flex e-con-boxed e-con e-parent\" data-id=\"3c32d96\" data-element_type=\"container\" data-e-type=\"container\">\n\t\t\t\t\t<div class=\"e-con-inner\">\n\t\t\t\t<div class=\"elementor-element elementor-element-173b1d7 elementor-widget elementor-widget-heading\" data-id=\"173b1d7\" data-element_type=\"widget\" data-e-type=\"widget\" data-widget_type=\"heading.default\">\n\t\t\t\t<div class=\"elementor-widget-container\">\n\t\t\t\t\t<h2 class=\"elementor-heading-title elementor-size-default\">17.\u00ba Encontro de Universidades S\u00e9niores em Bragan\u00e7a<\/h2>\t\t\t\t<\/div>\n\t\t\t\t<\/div>\n\t\t\t\t\t<\/div>\n\t\t\t\t<\/div>\n\t\t<div class=\"elementor-element elementor-element-c7bf668 e-flex e-con-boxed e-con e-parent\" data-id=\"c7bf668\" data-element_type=\"container\" data-e-type=\"container\">\n\t\t\t\t\t<div class=\"e-con-inner\">\n\t\t\t\t\t<\/div>\n\t\t\t\t<\/div>\n\t\t<div class=\"elementor-element elementor-element-c37d742 e-flex e-con-boxed e-con e-parent\" data-id=\"c37d742\" data-element_type=\"container\" data-e-type=\"container\">\n\t\t\t\t\t<div class=\"e-con-inner\">\n\t\t<div class=\"elementor-element elementor-element-15b0902 e-con-full e-flex e-con e-child\" data-id=\"15b0902\" data-element_type=\"container\" data-e-type=\"container\">\n\t\t\t\t<div class=\"elementor-element elementor-element-6499a6e elementor-widget elementor-widget-image\" data-id=\"6499a6e\" data-element_type=\"widget\" data-e-type=\"widget\" data-widget_type=\"image.default\">\n\t\t\t\t<div class=\"elementor-widget-container\">\n\t\t\t\t\t\t\t\t\t\t\t\t<figure class=\"wp-caption\">\n\t\t\t\t\t\t\t\t\t\t\t<a href=\"https:\/\/photos.google.com\/share\/AF1QipOUbqVmj7Y5bYD3igPImx416XZUumfpelEQIHfYcUg7JjavD4Qm4aqlCRZ9-arWHA?key=RVFXZjUxMHI1TWh4T205Ylo4WkhlamJRR2kzQjh3\" target=\"_blank\">\n\t\t\t\t\t\t\t<img fetchpriority=\"high\" decoding=\"async\" width=\"300\" height=\"196\" src=\"https:\/\/usbraganca.pt\/wp-content\/uploads\/2025\/05\/pexels-photo-794556-794556-300x196.jpg\" class=\"attachment-medium size-medium wp-image-1797\" alt=\"Scenic view of Bragan\u00e7a Castle and traditional houses at sunset, highlighting Portuguese architecture.\" srcset=\"https:\/\/usbraganca.pt\/wp-content\/uploads\/2025\/05\/pexels-photo-794556-794556-300x196.jpg 300w, https:\/\/usbraganca.pt\/wp-content\/uploads\/2025\/05\/pexels-photo-794556-794556.jpg 536w\" sizes=\"(max-width: 300px) 100vw, 300px\" \/>\t\t\t\t\t\t\t\t<\/a>\n\t\t\t\t\t\t\t\t\t\t\t<figcaption class=\"widget-image-caption wp-caption-text\">\u00c1lbum de Fotos do Encontro - Universidade S\u00e9nior de Bragan\u00e7a<\/figcaption>\n\t\t\t\t\t\t\t\t\t\t<\/figure>\n\t\t\t\t\t\t\t\t\t<\/div>\n\t\t\t\t<\/div>\n\t\t\t\t<div class=\"elementor-element elementor-element-9ff995d elementor-widget elementor-widget-image\" data-id=\"9ff995d\" data-element_type=\"widget\" data-e-type=\"widget\" data-widget_type=\"image.default\">\n\t\t\t\t<div class=\"elementor-widget-container\">\n\t\t\t\t\t\t\t\t\t\t\t\t<figure class=\"wp-caption\">\n\t\t\t\t\t\t\t\t\t\t\t<a href=\"https:\/\/photos.app.goo.gl\/ZjZATF7xht9P6n4XA\" target=\"_blank\">\n\t\t\t\t\t\t\t<img decoding=\"async\" width=\"300\" height=\"198\" src=\"https:\/\/usbraganca.pt\/wp-content\/uploads\/2025\/05\/pexels-photo-1013427-1013427-300x198.jpg\" class=\"attachment-medium size-medium wp-image-1799\" alt=\"Explore the scenic whitewashed architecture of Marv\u00e3o, Portugal, showcasing traditional cobblestone streets and historic charm.\" srcset=\"https:\/\/usbraganca.pt\/wp-content\/uploads\/2025\/05\/pexels-photo-1013427-1013427-300x198.jpg 300w, https:\/\/usbraganca.pt\/wp-content\/uploads\/2025\/05\/pexels-photo-1013427-1013427.jpg 529w\" sizes=\"(max-width: 300px) 100vw, 300px\" \/>\t\t\t\t\t\t\t\t<\/a>\n\t\t\t\t\t\t\t\t\t\t\t<figcaption class=\"widget-image-caption wp-caption-text\">\u00c1lbum de Fotos do Encontro - Universidade S\u00e9nior de Portalegre<\/figcaption>\n\t\t\t\t\t\t\t\t\t\t<\/figure>\n\t\t\t\t\t\t\t\t\t<\/div>\n\t\t\t\t<\/div>\n\t\t\t\t<div class=\"elementor-element elementor-element-aa31e7d elementor-widget elementor-widget-image\" data-id=\"aa31e7d\" data-element_type=\"widget\" data-e-type=\"widget\" data-widget_type=\"image.default\">\n\t\t\t\t<div class=\"elementor-widget-container\">\n\t\t\t\t\t\t\t\t\t\t\t\t<figure class=\"wp-caption\">\n\t\t\t\t\t\t\t\t\t\t\t<a href=\"https:\/\/photos.app.goo.gl\/Fi5nReHpghQZgd4B7\" target=\"_blank\">\n\t\t\t\t\t\t\t<img decoding=\"async\" src=\"https:\/\/usbraganca.pt\/wp-content\/uploads\/elementor\/thumbs\/pexels-photo-13290729-13290729-r652thz4a25oo1x1b41ogm5mwbdw6im66nzv4d1ej4.jpg\" title=\"pexels-photo-13290729-13290729\" alt=\"A stunning view of the Aguas Livres Aqueduct&#039;s arches under a clear blue sky in Lisbon, Portugal.\" loading=\"lazy\" \/>\t\t\t\t\t\t\t\t<\/a>\n\t\t\t\t\t\t\t\t\t\t\t<figcaption class=\"widget-image-caption wp-caption-text\">\u00c1lbum de Fotos do Encontro - Universidade S\u00e9nior de Elvas<\/figcaption>\n\t\t\t\t\t\t\t\t\t\t<\/figure>\n\t\t\t\t\t\t\t\t\t<\/div>\n\t\t\t\t<\/div>\n\t\t\t\t<div class=\"elementor-element elementor-element-7f716fa elementor-widget elementor-widget-image\" data-id=\"7f716fa\" data-element_type=\"widget\" data-e-type=\"widget\" data-widget_type=\"image.default\">\n\t\t\t\t<div class=\"elementor-widget-container\">\n\t\t\t\t\t\t\t\t\t\t\t\t<figure class=\"wp-caption\">\n\t\t\t\t\t\t\t\t\t\t\t<a href=\"https:\/\/photos.google.com\/share\/AF1QipO6Du766dQUtFW4s2__CxtzpNOpH5SBFAaxaErJog5quqg9TPyE1WveI5DVNdXALA?key=ZjZGb0RmNlZLQTB5V3R5THRtTzZESGNqd1RVaHpn\" target=\"_blank\">\n\t\t\t\t\t\t\t<img decoding=\"async\" width=\"300\" height=\"199\" src=\"https:\/\/usbraganca.pt\/wp-content\/uploads\/2025\/05\/g3b6afa19e4d96df7e930bdfd5d282efbc2a7e357e6253fa8498e5a8cb97fa70c93abf5a1a36a1d6548cd083cd0d30830_640-4427376-300x199.jpg\" class=\"attachment-medium size-medium wp-image-1801\" alt=\"badajoz, spain, estremadura, rio guadiana, bridge, architecture, darling, landscape, door palama, badajoz, badajoz, badajoz, badajoz, badajoz\" srcset=\"https:\/\/usbraganca.pt\/wp-content\/uploads\/2025\/05\/g3b6afa19e4d96df7e930bdfd5d282efbc2a7e357e6253fa8498e5a8cb97fa70c93abf5a1a36a1d6548cd083cd0d30830_640-4427376-300x199.jpg 300w, https:\/\/usbraganca.pt\/wp-content\/uploads\/2025\/05\/g3b6afa19e4d96df7e930bdfd5d282efbc2a7e357e6253fa8498e5a8cb97fa70c93abf5a1a36a1d6548cd083cd0d30830_640-4427376.jpg 640w\" sizes=\"(max-width: 300px) 100vw, 300px\" \/>\t\t\t\t\t\t\t\t<\/a>\n\t\t\t\t\t\t\t\t\t\t\t<figcaption class=\"widget-image-caption wp-caption-text\">\u00c1lbum de Fotos do Encontro - Universidade S\u00e9nior de Oliven\u00e7a e Badajoz<\/figcaption>\n\t\t\t\t\t\t\t\t\t\t<\/figure>\n\t\t\t\t\t\t\t\t\t<\/div>\n\t\t\t\t<\/div>\n\t\t\t\t<\/div>\n\t\t<div class=\"elementor-element elementor-element-0e72e3b e-flex e-con-boxed e-con e-child\" data-id=\"0e72e3b\" data-element_type=\"container\" data-e-type=\"container\">\n\t\t\t\t\t<div class=\"e-con-inner\">\n\t\t\t\t\t<\/div>\n\t\t\t\t<\/div>\n\t\t<div class=\"elementor-element elementor-element-3b60124 e-con-full e-flex e-con e-child\" data-id=\"3b60124\" data-element_type=\"container\" data-e-type=\"container\">\n\t\t\t\t<\/div>\n\t\t<div class=\"elementor-element elementor-element-2be5b43 e-con-full e-flex e-con e-child\" data-id=\"2be5b43\" data-element_type=\"container\" data-e-type=\"container\">\n\t\t\t\t<\/div>\n\t\t\t\t\t<\/div>\n\t\t\t\t<\/div>\n\t\t\t\t<\/div>\n\t\t","protected":false},"excerpt":{"rendered":"<p>17.\u00ba Encontro de Universidades S\u00e9niores em Bragan\u00e7a \u00c1lbum de Fotos do Encontro &#8211; Universidade S\u00e9nior de Bragan\u00e7a \u00c1lbum de Fotos do Encontro &#8211; Universidade S\u00e9nior de Portalegre \u00c1lbum de Fotos do Encontro &#8211; Universidade S\u00e9nior de Elvas \u00c1lbum de Fotos do Encontro &#8211; Universidade S\u00e9nior de Oliven\u00e7a e Badajoz<\/p>\n","protected":false},"author":1,"featured_media":0,"parent":0,"menu_order":0,"comment_status":"closed","ping_status":"closed","template":"","meta":{"site-sidebar-layout":"no-sidebar","site-content-layout":"page-builder","ast-site-content-layout":"full-width-container","site-content-style":"default","site-sidebar-style":"default","ast-global-header-display":"","ast-banner-title-visibility":"","ast-main-header-display":"","ast-hfb-above-header-display":"","ast-hfb-below-header-display":"","ast-hfb-mobile-header-display":"","site-post-title":"disabled","ast-breadcrumbs-content":"","ast-featured-img":"disabled","footer-sml-layout":"","ast-disable-related-posts":"","theme-transparent-header-meta":"","adv-header-id-meta":"","stick-header-meta":"","header-above-stick-meta":"","header-main-stick-meta":"","header-below-stick-meta":"","astra-migrate-meta-layouts":"set","ast-page-background-enabled":"default","ast-page-background-meta":{"desktop":{"background-color":"","background-image":"","background-repeat":"repeat","background-position":"center center","background-size":"auto","background-attachment":"scroll","background-type":"","background-media":"","overlay-type":"","overlay-color":"","overlay-opacity":"","overlay-gradient":""},"tablet":{"background-color":"","background-image":"","background-repeat":"repeat","background-position":"center center","background-size":"auto","background-attachment":"scroll","background-type":"","background-media":"","overlay-type":"","overlay-color":"","overlay-opacity":"","overlay-gradient":""},"mobile":{"background-color":"","background-image":"","background-repeat":"repeat","background-position":"center center","background-size":"auto","background-attachment":"scroll","background-type":"","background-media":"","overlay-type":"","overlay-color":"","overlay-opacity":"","overlay-gradient":""}},"ast-content-background-meta":{"desktop":{"background-color":"var(--ast-global-color-5)","background-image":"","background-repeat":"repeat","background-position":"center center","background-size":"auto","background-attachment":"scroll","background-type":"","background-media":"","overlay-type":"","overlay-color":"","overlay-opacity":"","overlay-gradient":""},"tablet":{"background-color":"var(--ast-global-color-5)","background-image":"","background-repeat":"repeat","background-position":"center center","background-size":"auto","background-attachment":"scroll","background-type":"","background-media":"","overlay-type":"","overlay-color":"","overlay-opacity":"","overlay-gradient":""},"mobile":{"background-color":"var(--ast-global-color-5)","background-image":"","background-repeat":"repeat","background-position":"center center","background-size":"auto","background-attachment":"scroll","background-type":"","background-media":"","overlay-type":"","overlay-color":"","overlay-opacity":"","overlay-gradient":""}},"footnotes":""},"class_list":["post-1795","page","type-page","status-publish","hentry"],"_links":{"self":[{"href":"https:\/\/usbraganca.pt\/index.php?rest_route=\/wp\/v2\/pages\/1795","targetHints":{"allow":["GET"]}}],"collection":[{"href":"https:\/\/usbraganca.pt\/index.php?rest_route=\/wp\/v2\/pages"}],"about":[{"href":"https:\/\/usbraganca.pt\/index.php?rest_route=\/wp\/v2\/types\/page"}],"author":[{"embeddable":true,"href":"https:\/\/usbraganca.pt\/index.php?rest_route=\/wp\/v2\/users\/1"}],"replies":[{"embeddable":true,"href":"https:\/\/usbraganca.pt\/index.php?rest_route=%2Fwp%2Fv2%2Fcomments&post=1795"}],"version-history":[{"count":0,"href":"https:\/\/usbraganca.pt\/index.php?rest_route=\/wp\/v2\/pages\/1795\/revisions"}],"wp:attachment":[{"href":"https:\/\/usbraganca.pt\/index.php?rest_route=%2Fwp%2Fv2%2Fmedia&parent=1795"}],"curies":[{"name":"wp","href":"https:\/\/api.w.org\/{rel}","templated":true}]}}