{"id":154,"date":"2021-05-18T01:55:11","date_gmt":"2021-05-18T01:55:11","guid":{"rendered":"https:\/\/usbraganca.pt\/?page_id=154"},"modified":"2023-12-26T21:39:26","modified_gmt":"2023-12-26T21:39:26","slug":"activities","status":"publish","type":"page","link":"https:\/\/usbraganca.pt\/?page_id=154","title":{"rendered":"Atividades"},"content":{"rendered":"\t\t<div data-elementor-type=\"wp-page\" data-elementor-id=\"154\" class=\"elementor elementor-154\">\n\t\t\t\t<div class=\"elementor-element elementor-element-80318d1 e-flex e-con-boxed e-con e-parent\" data-id=\"80318d1\" data-element_type=\"container\" data-e-type=\"container\">\n\t\t\t\t\t<div class=\"e-con-inner\">\n\t\t\t\t<div class=\"elementor-element elementor-element-df81c45 elementor-widget elementor-widget-image\" data-id=\"df81c45\" data-element_type=\"widget\" data-e-type=\"widget\" data-widget_type=\"image.default\">\n\t\t\t\t<div class=\"elementor-widget-container\">\n\t\t\t\t\t\t\t\t\t\t\t\t\t\t\t<img fetchpriority=\"high\" decoding=\"async\" width=\"2000\" height=\"400\" src=\"https:\/\/usbraganca.pt\/wp-content\/uploads\/2023\/12\/ATIVIDADES.png\" class=\"attachment-full size-full wp-image-892\" alt=\"\" srcset=\"https:\/\/usbraganca.pt\/wp-content\/uploads\/2023\/12\/ATIVIDADES.png 2000w, https:\/\/usbraganca.pt\/wp-content\/uploads\/2023\/12\/ATIVIDADES-300x60.png 300w, https:\/\/usbraganca.pt\/wp-content\/uploads\/2023\/12\/ATIVIDADES-1024x205.png 1024w, https:\/\/usbraganca.pt\/wp-content\/uploads\/2023\/12\/ATIVIDADES-768x154.png 768w, https:\/\/usbraganca.pt\/wp-content\/uploads\/2023\/12\/ATIVIDADES-1536x307.png 1536w\" sizes=\"(max-width: 2000px) 100vw, 2000px\" \/>\t\t\t\t\t\t\t\t\t\t\t\t\t\t\t<\/div>\n\t\t\t\t<\/div>\n\t\t\t\t\t<\/div>\n\t\t\t\t<\/div>\n\t\t\t\t<section class=\"elementor-section elementor-top-section elementor-element elementor-element-21208f9 elementor-section-boxed elementor-section-height-default elementor-section-height-default\" data-id=\"21208f9\" data-element_type=\"section\" data-e-type=\"section\">\n\t\t\t\t\t\t<div class=\"elementor-container elementor-column-gap-no\">\n\t\t\t\t\t<div class=\"elementor-column elementor-col-100 elementor-top-column elementor-element elementor-element-1b47a90\" data-id=\"1b47a90\" data-element_type=\"column\" data-e-type=\"column\">\n\t\t\t<div class=\"elementor-widget-wrap elementor-element-populated\">\n\t\t\t\t\t\t<div class=\"elementor-element elementor-element-6c64bd3 elementor-position-left elementor-vertical-align-middle elementor-widget elementor-widget-image-box\" data-id=\"6c64bd3\" data-element_type=\"widget\" data-e-type=\"widget\" data-widget_type=\"image-box.default\">\n\t\t\t\t<div class=\"elementor-widget-container\">\n\t\t\t\t\t<div class=\"elementor-image-box-wrapper\"><figure class=\"elementor-image-box-img\"><img decoding=\"async\" width=\"368\" height=\"368\" src=\"https:\/\/usbraganca.pt\/wp-content\/uploads\/2023\/12\/8.png\" class=\"attachment-full size-full wp-image-976\" alt=\"\" srcset=\"https:\/\/usbraganca.pt\/wp-content\/uploads\/2023\/12\/8.png 368w, https:\/\/usbraganca.pt\/wp-content\/uploads\/2023\/12\/8-300x300.png 300w, https:\/\/usbraganca.pt\/wp-content\/uploads\/2023\/12\/8-150x150.png 150w\" sizes=\"(max-width: 368px) 100vw, 368px\" \/><\/figure><div class=\"elementor-image-box-content\"><h3 class=\"elementor-image-box-title\">Educa\u00e7\u00e3o F\u00edsica e Gin\u00e1stica<\/h3><p class=\"elementor-image-box-description\">Os nossos alunos t\u00eam a liberdade de escolher a atividade que gostam e desejam praticar\n\n<\/p><\/div><\/div>\t\t\t\t<\/div>\n\t\t\t\t<\/div>\n\t\t\t\t<div class=\"elementor-element elementor-element-c6a028f elementor-widget-divider--view-line elementor-widget elementor-widget-divider\" data-id=\"c6a028f\" data-element_type=\"widget\" data-e-type=\"widget\" data-widget_type=\"divider.default\">\n\t\t\t\t<div class=\"elementor-widget-container\">\n\t\t\t\t\t\t\t<div class=\"elementor-divider\">\n\t\t\t<span class=\"elementor-divider-separator\">\n\t\t\t\t\t\t<\/span>\n\t\t<\/div>\n\t\t\t\t\t\t<\/div>\n\t\t\t\t<\/div>\n\t\t\t\t<div class=\"elementor-element elementor-element-90511eb elementor-position-right elementor-vertical-align-middle elementor-widget elementor-widget-image-box\" data-id=\"90511eb\" data-element_type=\"widget\" data-e-type=\"widget\" data-widget_type=\"image-box.default\">\n\t\t\t\t<div class=\"elementor-widget-container\">\n\t\t\t\t\t<div class=\"elementor-image-box-wrapper\"><figure class=\"elementor-image-box-img\"><img decoding=\"async\" width=\"368\" height=\"368\" src=\"https:\/\/usbraganca.pt\/wp-content\/uploads\/2023\/12\/10.png\" class=\"attachment-full size-full wp-image-978\" alt=\"\" srcset=\"https:\/\/usbraganca.pt\/wp-content\/uploads\/2023\/12\/10.png 368w, https:\/\/usbraganca.pt\/wp-content\/uploads\/2023\/12\/10-300x300.png 300w, https:\/\/usbraganca.pt\/wp-content\/uploads\/2023\/12\/10-150x150.png 150w\" sizes=\"(max-width: 368px) 100vw, 368px\" \/><\/figure><div class=\"elementor-image-box-content\"><h3 class=\"elementor-image-box-title\">Publica\u00e7\u00f5es Internas<\/h3><p class=\"elementor-image-box-description\">As publica\u00e7\u00f5es institucionais internas s\u00e3o recursos para fortalecer a identidade e a imagem da nossa organiza\u00e7\u00e3o. Ferramentas como boletins, quadros de avisos e p\u00e1gina web, promovem o di\u00e1logo e a intera\u00e7\u00e3o entre os alunos e a Universidade\n\n<\/p><\/div><\/div>\t\t\t\t<\/div>\n\t\t\t\t<\/div>\n\t\t\t\t<div class=\"elementor-element elementor-element-159649b elementor-widget-divider--view-line elementor-widget elementor-widget-divider\" data-id=\"159649b\" data-element_type=\"widget\" data-e-type=\"widget\" data-widget_type=\"divider.default\">\n\t\t\t\t<div class=\"elementor-widget-container\">\n\t\t\t\t\t\t\t<div class=\"elementor-divider\">\n\t\t\t<span class=\"elementor-divider-separator\">\n\t\t\t\t\t\t<\/span>\n\t\t<\/div>\n\t\t\t\t\t\t<\/div>\n\t\t\t\t<\/div>\n\t\t\t\t<div class=\"elementor-element elementor-element-1f5e6cf elementor-position-left elementor-vertical-align-middle elementor-widget elementor-widget-image-box\" data-id=\"1f5e6cf\" data-element_type=\"widget\" data-e-type=\"widget\" data-widget_type=\"image-box.default\">\n\t\t\t\t<div class=\"elementor-widget-container\">\n\t\t\t\t\t<div class=\"elementor-image-box-wrapper\"><figure class=\"elementor-image-box-img\"><img loading=\"lazy\" decoding=\"async\" width=\"368\" height=\"368\" src=\"https:\/\/usbraganca.pt\/wp-content\/uploads\/2023\/12\/9.png\" class=\"attachment-full size-full wp-image-977\" alt=\"\" srcset=\"https:\/\/usbraganca.pt\/wp-content\/uploads\/2023\/12\/9.png 368w, https:\/\/usbraganca.pt\/wp-content\/uploads\/2023\/12\/9-300x300.png 300w, https:\/\/usbraganca.pt\/wp-content\/uploads\/2023\/12\/9-150x150.png 150w\" sizes=\"(max-width: 368px) 100vw, 368px\" \/><\/figure><div class=\"elementor-image-box-content\"><h3 class=\"elementor-image-box-title\">Artes, Ci\u00eancias, Humanidades e M\u00fasica<\/h3><p class=\"elementor-image-box-description\">Temos orgulho em preparar os nossos alunos em formas de arte como dan\u00e7a, teatro, pintura e muito mais. Organizamos exposi\u00e7\u00f5es, concertos e eventos musicais para os incentivar, reconhecerem o seu talento e ao mesmo tempo levarem o nome da Universidade a institui\u00e7\u00f5es locais e regionais\n\n<\/p><\/div><\/div>\t\t\t\t<\/div>\n\t\t\t\t<\/div>\n\t\t\t\t\t<\/div>\n\t\t<\/div>\n\t\t\t\t\t<\/div>\n\t\t<\/section>\n\t\t\t\t<\/div>\n\t\t","protected":false},"excerpt":{"rendered":"<p>Educa\u00e7\u00e3o F\u00edsica e Gin\u00e1stica Os nossos alunos t\u00eam a liberdade de escolher a atividade que gostam e desejam praticar Publica\u00e7\u00f5es Internas As publica\u00e7\u00f5es institucionais internas s\u00e3o recursos para fortalecer a identidade e a imagem da nossa organiza\u00e7\u00e3o. Ferramentas como boletins, quadros de avisos e p\u00e1gina web, promovem o di\u00e1logo e a intera\u00e7\u00e3o entre os alunos [&hellip;]<\/p>\n","protected":false},"author":1,"featured_media":0,"parent":0,"menu_order":0,"comment_status":"closed","ping_status":"closed","template":"","meta":{"site-sidebar-layout":"no-sidebar","site-content-layout":"page-builder","ast-site-content-layout":"full-width-container","site-content-style":"unboxed","site-sidebar-style":"unboxed","ast-global-header-display":"","ast-banner-title-visibility":"","ast-main-header-display":"","ast-hfb-above-header-display":"","ast-hfb-below-header-display":"","ast-hfb-mobile-header-display":"","site-post-title":"disabled","ast-breadcrumbs-content":"disabled","ast-featured-img":"disabled","footer-sml-layout":"","ast-disable-related-posts":"","theme-transparent-header-meta":"default","adv-header-id-meta":"","stick-header-meta":"","header-above-stick-meta":"","header-main-stick-meta":"","header-below-stick-meta":"","astra-migrate-meta-layouts":"set","ast-page-background-enabled":"default","ast-page-background-meta":{"desktop":{"background-color":"","background-image":"","background-repeat":"repeat","background-position":"center center","background-size":"auto","background-attachment":"scroll","background-type":"","background-media":"","overlay-type":"","overlay-color":"","overlay-opacity":"","overlay-gradient":""},"tablet":{"background-color":"","background-image":"","background-repeat":"repeat","background-position":"center center","background-size":"auto","background-attachment":"scroll","background-type":"","background-media":"","overlay-type":"","overlay-color":"","overlay-opacity":"","overlay-gradient":""},"mobile":{"background-color":"","background-image":"","background-repeat":"repeat","background-position":"center center","background-size":"auto","background-attachment":"scroll","background-type":"","background-media":"","overlay-type":"","overlay-color":"","overlay-opacity":"","overlay-gradient":""}},"ast-content-background-meta":{"desktop":{"background-color":"var(--ast-global-color-5)","background-image":"","background-repeat":"repeat","background-position":"center center","background-size":"auto","background-attachment":"scroll","background-type":"","background-media":"","overlay-type":"","overlay-color":"","overlay-opacity":"","overlay-gradient":""},"tablet":{"background-color":"var(--ast-global-color-5)","background-image":"","background-repeat":"repeat","background-position":"center center","background-size":"auto","background-attachment":"scroll","background-type":"","background-media":"","overlay-type":"","overlay-color":"","overlay-opacity":"","overlay-gradient":""},"mobile":{"background-color":"var(--ast-global-color-5)","background-image":"","background-repeat":"repeat","background-position":"center center","background-size":"auto","background-attachment":"scroll","background-type":"","background-media":"","overlay-type":"","overlay-color":"","overlay-opacity":"","overlay-gradient":""}},"footnotes":""},"class_list":["post-154","page","type-page","status-publish","hentry"],"_links":{"self":[{"href":"https:\/\/usbraganca.pt\/index.php?rest_route=\/wp\/v2\/pages\/154","targetHints":{"allow":["GET"]}}],"collection":[{"href":"https:\/\/usbraganca.pt\/index.php?rest_route=\/wp\/v2\/pages"}],"about":[{"href":"https:\/\/usbraganca.pt\/index.php?rest_route=\/wp\/v2\/types\/page"}],"author":[{"embeddable":true,"href":"https:\/\/usbraganca.pt\/index.php?rest_route=\/wp\/v2\/users\/1"}],"replies":[{"embeddable":true,"href":"https:\/\/usbraganca.pt\/index.php?rest_route=%2Fwp%2Fv2%2Fcomments&post=154"}],"version-history":[{"count":0,"href":"https:\/\/usbraganca.pt\/index.php?rest_route=\/wp\/v2\/pages\/154\/revisions"}],"wp:attachment":[{"href":"https:\/\/usbraganca.pt\/index.php?rest_route=%2Fwp%2Fv2%2Fmedia&parent=154"}],"curies":[{"name":"wp","href":"https:\/\/api.w.org\/{rel}","templated":true}]}}