{"id":153,"date":"2021-05-18T01:54:59","date_gmt":"2021-05-18T01:54:59","guid":{"rendered":"https:\/\/usbraganca.pt\/?page_id=153"},"modified":"2024-10-23T17:44:32","modified_gmt":"2024-10-23T17:44:32","slug":"academics","status":"publish","type":"page","link":"https:\/\/usbraganca.pt\/?page_id=153","title":{"rendered":"Disciplinas"},"content":{"rendered":"\t\t<div data-elementor-type=\"wp-page\" data-elementor-id=\"153\" class=\"elementor elementor-153\">\n\t\t\t\t<div class=\"elementor-element elementor-element-0e798b2 e-flex e-con-boxed e-con e-parent\" data-id=\"0e798b2\" data-element_type=\"container\" data-e-type=\"container\">\n\t\t\t\t\t<div class=\"e-con-inner\">\n\t\t\t\t<div class=\"elementor-element elementor-element-b6b70f7 elementor-widget elementor-widget-image\" data-id=\"b6b70f7\" data-element_type=\"widget\" data-e-type=\"widget\" data-widget_type=\"image.default\">\n\t\t\t\t<div class=\"elementor-widget-container\">\n\t\t\t\t\t\t\t\t\t\t\t\t\t\t\t<img fetchpriority=\"high\" decoding=\"async\" width=\"2000\" height=\"400\" src=\"https:\/\/usbraganca.pt\/wp-content\/uploads\/2023\/12\/1.png\" class=\"attachment-full size-full wp-image-876\" alt=\"\" srcset=\"https:\/\/usbraganca.pt\/wp-content\/uploads\/2023\/12\/1.png 2000w, https:\/\/usbraganca.pt\/wp-content\/uploads\/2023\/12\/1-300x60.png 300w, https:\/\/usbraganca.pt\/wp-content\/uploads\/2023\/12\/1-1024x205.png 1024w, https:\/\/usbraganca.pt\/wp-content\/uploads\/2023\/12\/1-768x154.png 768w, https:\/\/usbraganca.pt\/wp-content\/uploads\/2023\/12\/1-1536x307.png 1536w\" sizes=\"(max-width: 2000px) 100vw, 2000px\" \/>\t\t\t\t\t\t\t\t\t\t\t\t\t\t\t<\/div>\n\t\t\t\t<\/div>\n\t\t\t\t\t<\/div>\n\t\t\t\t<\/div>\n\t\t<div class=\"elementor-element elementor-element-9d2fdde e-flex e-con-boxed e-con e-parent\" data-id=\"9d2fdde\" data-element_type=\"container\" data-e-type=\"container\">\n\t\t\t\t\t<div class=\"e-con-inner\">\n\t\t\t\t\t<\/div>\n\t\t\t\t<\/div>\n\t\t<div class=\"elementor-element elementor-element-a949c8d e-flex e-con-boxed e-con e-parent\" data-id=\"a949c8d\" data-element_type=\"container\" data-e-type=\"container\">\n\t\t\t\t\t<div class=\"e-con-inner\">\n\t\t\t\t<div class=\"elementor-element elementor-element-78ce400 elementor-widget elementor-widget-text-editor\" data-id=\"78ce400\" data-element_type=\"widget\" data-e-type=\"widget\" data-widget_type=\"text-editor.default\">\n\t\t\t\t<div class=\"elementor-widget-container\">\n\t\t\t\t\t\t\t\t\t<h1 class=\"align-left mbr-fonts-style m-0 display-1\"><strong>Te\u00f3ricas<\/strong><\/h1><hr \/><h6><strong>\u2666 Filosofia<\/strong><\/h6><hr \/><h6><strong>\u2666 Franc\u00eas<\/strong><\/h6><hr \/><h6><strong>\u2666 Ingl\u00eas<\/strong><\/h6><hr \/><h6><strong>\u2666 Espanhol<\/strong><\/h6><hr \/><h6><strong>\u2666 Literatura<\/strong><\/h6><hr \/><h6><strong>\u2666 Sa\u00fade e Qualidade de Vida<\/strong><\/h6><hr \/><h6><strong><span style=\"font-size: 17.6px; font-style: normal;\">\u2666 Inform\u00e1tica<\/span><\/strong><\/h6><hr \/><h1>\u00a0<\/h1><h1 class=\"align-left mbr-fonts-style m-0 display-1\"><strong>Pr\u00e1ticas<\/strong><\/h1><h6>\u00a0<\/h6><hr \/><h6><strong><span style=\"font-size: 17.6px; font-style: normal;\">\u2666 Artes Pl\u00e1sticas<\/span><\/strong><\/h6><hr \/><h6><strong><span style=\"font-size: 17.6px; font-style: normal;\">\u2666 Dan\u00e7a<\/span><\/strong><\/h6><hr \/><h6><strong><span style=\"font-size: 17.6px; font-style: normal;\">\u2666 Express\u00e3o Musical e Art\u00edstica<\/span><\/strong><\/h6><hr \/><h6><strong><span style=\"font-size: 17.6px; font-style: normal;\">\u2666 Gin\u00e1stica<\/span><\/strong><\/h6><hr \/><h6><strong><span style=\"font-size: 17.6px; font-style: normal;\">\u2666 Yoga<\/span><\/strong><\/h6><hr \/><h6><strong><span style=\"font-size: 17.6px; font-style: normal;\">\u2666 Teatro<\/span><\/strong><\/h6><h6>\u00a0<\/h6>\t\t\t\t\t\t\t\t<\/div>\n\t\t\t\t<\/div>\n\t\t\t\t\t<\/div>\n\t\t\t\t<\/div>\n\t\t\t\t<section class=\"elementor-section elementor-top-section elementor-element elementor-element-465d6c1 elementor-section-boxed elementor-section-height-default elementor-section-height-default\" data-id=\"465d6c1\" data-element_type=\"section\" data-e-type=\"section\">\n\t\t\t\t\t\t<div class=\"elementor-container elementor-column-gap-no\">\n\t\t\t\t\t<div class=\"elementor-column elementor-col-100 elementor-top-column elementor-element elementor-element-eeac98a\" data-id=\"eeac98a\" data-element_type=\"column\" data-e-type=\"column\">\n\t\t\t<div class=\"elementor-widget-wrap elementor-element-populated\">\n\t\t\t\t\t\t<div class=\"elementor-element elementor-element-a7c49ba elementor-position-left elementor-vertical-align-middle elementor-widget elementor-widget-image-box\" data-id=\"a7c49ba\" data-element_type=\"widget\" data-e-type=\"widget\" data-widget_type=\"image-box.default\">\n\t\t\t\t<div class=\"elementor-widget-container\">\n\t\t\t\t\t<div class=\"elementor-image-box-wrapper\"><figure class=\"elementor-image-box-img\"><img decoding=\"async\" width=\"368\" height=\"368\" src=\"https:\/\/usbraganca.pt\/wp-content\/uploads\/2023\/11\/2.png\" class=\"attachment-full size-full wp-image-695\" alt=\"\" srcset=\"https:\/\/usbraganca.pt\/wp-content\/uploads\/2023\/11\/2.png 368w, https:\/\/usbraganca.pt\/wp-content\/uploads\/2023\/11\/2-300x300.png 300w, https:\/\/usbraganca.pt\/wp-content\/uploads\/2023\/11\/2-150x150.png 150w\" sizes=\"(max-width: 368px) 100vw, 368px\" \/><\/figure><div class=\"elementor-image-box-content\"><h3 class=\"elementor-image-box-title\">Semin\u00e1rios<\/h3><p class=\"elementor-image-box-description\">Hist\u00f3ria e Etnografia, Religi\u00e3o\/Direito Can\u00f3nico, Hist\u00f3ria da Agricultura, Geografia, \u00c9tica e Cidadania\n\n<\/p><\/div><\/div>\t\t\t\t<\/div>\n\t\t\t\t<\/div>\n\t\t\t\t\t<\/div>\n\t\t<\/div>\n\t\t\t\t\t<\/div>\n\t\t<\/section>\n\t\t\t\t<section class=\"elementor-section elementor-top-section elementor-element elementor-element-0728546 elementor-section-boxed elementor-section-height-default elementor-section-height-default\" data-id=\"0728546\" data-element_type=\"section\" data-e-type=\"section\" data-settings=\"{&quot;background_background&quot;:&quot;classic&quot;}\">\n\t\t\t\t\t\t<div class=\"elementor-container elementor-column-gap-no\">\n\t\t\t\t\t<div class=\"elementor-column elementor-col-100 elementor-top-column elementor-element elementor-element-4d98400\" data-id=\"4d98400\" data-element_type=\"column\" data-e-type=\"column\">\n\t\t\t<div class=\"elementor-widget-wrap\">\n\t\t\t\t\t\t\t<\/div>\n\t\t<\/div>\n\t\t\t\t\t<\/div>\n\t\t<\/section>\n\t\t\t\t<\/div>\n\t\t","protected":false},"excerpt":{"rendered":"<p>Te\u00f3ricas \u2666 Filosofia \u2666 Franc\u00eas \u2666 Ingl\u00eas \u2666 Espanhol \u2666 Literatura \u2666 Sa\u00fade e Qualidade de Vida \u2666 Inform\u00e1tica \u00a0 Pr\u00e1ticas \u00a0 \u2666 Artes Pl\u00e1sticas \u2666 Dan\u00e7a \u2666 Express\u00e3o Musical e Art\u00edstica \u2666 Gin\u00e1stica \u2666 Yoga \u2666 Teatro \u00a0 Semin\u00e1rios Hist\u00f3ria e Etnografia, Religi\u00e3o\/Direito Can\u00f3nico, Hist\u00f3ria da Agricultura, Geografia, \u00c9tica e Cidadania<\/p>\n","protected":false},"author":1,"featured_media":0,"parent":0,"menu_order":0,"comment_status":"closed","ping_status":"closed","template":"","meta":{"site-sidebar-layout":"no-sidebar","site-content-layout":"page-builder","ast-site-content-layout":"full-width-container","site-content-style":"unboxed","site-sidebar-style":"unboxed","ast-global-header-display":"","ast-banner-title-visibility":"","ast-main-header-display":"","ast-hfb-above-header-display":"","ast-hfb-below-header-display":"","ast-hfb-mobile-header-display":"","site-post-title":"disabled","ast-breadcrumbs-content":"disabled","ast-featured-img":"disabled","footer-sml-layout":"","ast-disable-related-posts":"","theme-transparent-header-meta":"default","adv-header-id-meta":"","stick-header-meta":"","header-above-stick-meta":"","header-main-stick-meta":"","header-below-stick-meta":"","astra-migrate-meta-layouts":"set","ast-page-background-enabled":"default","ast-page-background-meta":{"desktop":{"background-color":"","background-image":"","background-repeat":"repeat","background-position":"center center","background-size":"auto","background-attachment":"scroll","background-type":"","background-media":"","overlay-type":"","overlay-color":"","overlay-opacity":"","overlay-gradient":""},"tablet":{"background-color":"","background-image":"","background-repeat":"repeat","background-position":"center center","background-size":"auto","background-attachment":"scroll","background-type":"","background-media":"","overlay-type":"","overlay-color":"","overlay-opacity":"","overlay-gradient":""},"mobile":{"background-color":"","background-image":"","background-repeat":"repeat","background-position":"center center","background-size":"auto","background-attachment":"scroll","background-type":"","background-media":"","overlay-type":"","overlay-color":"","overlay-opacity":"","overlay-gradient":""}},"ast-content-background-meta":{"desktop":{"background-color":"var(--ast-global-color-5)","background-image":"","background-repeat":"repeat","background-position":"center center","background-size":"auto","background-attachment":"scroll","background-type":"","background-media":"","overlay-type":"","overlay-color":"","overlay-opacity":"","overlay-gradient":""},"tablet":{"background-color":"var(--ast-global-color-5)","background-image":"","background-repeat":"repeat","background-position":"center center","background-size":"auto","background-attachment":"scroll","background-type":"","background-media":"","overlay-type":"","overlay-color":"","overlay-opacity":"","overlay-gradient":""},"mobile":{"background-color":"var(--ast-global-color-5)","background-image":"","background-repeat":"repeat","background-position":"center center","background-size":"auto","background-attachment":"scroll","background-type":"","background-media":"","overlay-type":"","overlay-color":"","overlay-opacity":"","overlay-gradient":""}},"footnotes":""},"class_list":["post-153","page","type-page","status-publish","hentry"],"_links":{"self":[{"href":"https:\/\/usbraganca.pt\/index.php?rest_route=\/wp\/v2\/pages\/153","targetHints":{"allow":["GET"]}}],"collection":[{"href":"https:\/\/usbraganca.pt\/index.php?rest_route=\/wp\/v2\/pages"}],"about":[{"href":"https:\/\/usbraganca.pt\/index.php?rest_route=\/wp\/v2\/types\/page"}],"author":[{"embeddable":true,"href":"https:\/\/usbraganca.pt\/index.php?rest_route=\/wp\/v2\/users\/1"}],"replies":[{"embeddable":true,"href":"https:\/\/usbraganca.pt\/index.php?rest_route=%2Fwp%2Fv2%2Fcomments&post=153"}],"version-history":[{"count":0,"href":"https:\/\/usbraganca.pt\/index.php?rest_route=\/wp\/v2\/pages\/153\/revisions"}],"wp:attachment":[{"href":"https:\/\/usbraganca.pt\/index.php?rest_route=%2Fwp%2Fv2%2Fmedia&parent=153"}],"curies":[{"name":"wp","href":"https:\/\/api.w.org\/{rel}","templated":true}]}}