{"id":1041,"date":"2024-04-23T09:53:27","date_gmt":"2024-04-23T09:53:27","guid":{"rendered":"https:\/\/usbraganca.pt\/?page_id=1041"},"modified":"2024-06-03T21:06:07","modified_gmt":"2024-06-03T21:06:07","slug":"momentos-em-video","status":"publish","type":"page","link":"https:\/\/usbraganca.pt\/?page_id=1041","title":{"rendered":"Momentos em V\u00eddeo"},"content":{"rendered":"\t\t<div data-elementor-type=\"wp-page\" data-elementor-id=\"1041\" class=\"elementor elementor-1041\">\n\t\t\t\t<div class=\"elementor-element elementor-element-f9c30e8 e-flex e-con-boxed e-con e-parent\" data-id=\"f9c30e8\" data-element_type=\"container\" data-e-type=\"container\">\n\t\t\t\t\t<div class=\"e-con-inner\">\n\t\t\t\t<div class=\"elementor-element elementor-element-abd5bdd elementor-widget elementor-widget-image\" data-id=\"abd5bdd\" data-element_type=\"widget\" data-e-type=\"widget\" data-widget_type=\"image.default\">\n\t\t\t\t<div class=\"elementor-widget-container\">\n\t\t\t\t\t\t\t\t\t\t\t\t\t\t\t<img fetchpriority=\"high\" decoding=\"async\" width=\"1024\" height=\"205\" src=\"https:\/\/usbraganca.pt\/wp-content\/uploads\/2024\/04\/Banner-gerais-US-1024x205.png\" class=\"attachment-large size-large wp-image-1058\" alt=\"\" srcset=\"https:\/\/usbraganca.pt\/wp-content\/uploads\/2024\/04\/Banner-gerais-US-1024x205.png 1024w, https:\/\/usbraganca.pt\/wp-content\/uploads\/2024\/04\/Banner-gerais-US-300x60.png 300w, https:\/\/usbraganca.pt\/wp-content\/uploads\/2024\/04\/Banner-gerais-US-768x154.png 768w, https:\/\/usbraganca.pt\/wp-content\/uploads\/2024\/04\/Banner-gerais-US-1536x307.png 1536w, https:\/\/usbraganca.pt\/wp-content\/uploads\/2024\/04\/Banner-gerais-US.png 2000w\" sizes=\"(max-width: 1024px) 100vw, 1024px\" \/>\t\t\t\t\t\t\t\t\t\t\t\t\t\t\t<\/div>\n\t\t\t\t<\/div>\n\t\t\t\t\t<\/div>\n\t\t\t\t<\/div>\n\t\t<div class=\"elementor-element elementor-element-f8f4de8 e-flex e-con-boxed e-con e-parent\" data-id=\"f8f4de8\" data-element_type=\"container\" data-e-type=\"container\">\n\t\t\t\t\t<div class=\"e-con-inner\">\n\t\t\t\t\t<\/div>\n\t\t\t\t<\/div>\n\t\t<div class=\"elementor-element elementor-element-b9a5163 e-flex e-con-boxed e-con e-parent\" data-id=\"b9a5163\" data-element_type=\"container\" data-e-type=\"container\">\n\t\t\t\t\t<div class=\"e-con-inner\">\n\t\t<div class=\"elementor-element elementor-element-7284fd1 e-con-full e-flex e-con e-child\" data-id=\"7284fd1\" data-element_type=\"container\" data-e-type=\"container\">\n\t\t\t\t<div class=\"elementor-element elementor-element-e7a802c elementor-widget elementor-widget-video\" data-id=\"e7a802c\" data-element_type=\"widget\" data-e-type=\"widget\" data-settings=\"{&quot;youtube_url&quot;:&quot;https:\\\/\\\/youtu.be\\\/KgYD3FmVuoI&quot;,&quot;video_type&quot;:&quot;youtube&quot;,&quot;controls&quot;:&quot;yes&quot;}\" data-widget_type=\"video.default\">\n\t\t\t\t<div class=\"elementor-widget-container\">\n\t\t\t\t\t\t\t<div class=\"elementor-wrapper elementor-open-inline\">\n\t\t\t<div class=\"elementor-video\"><\/div>\t\t<\/div>\n\t\t\t\t\t\t<\/div>\n\t\t\t\t<\/div>\n\t\t\t\t<\/div>\n\t\t<div class=\"elementor-element elementor-element-8813658 e-con-full e-flex e-con e-child\" data-id=\"8813658\" data-element_type=\"container\" data-e-type=\"container\">\n\t\t\t\t<\/div>\n\t\t<div class=\"elementor-element elementor-element-72c9496 e-con-full e-flex e-con e-child\" data-id=\"72c9496\" data-element_type=\"container\" data-e-type=\"container\">\n\t\t\t\t<\/div>\n\t\t<div class=\"elementor-element elementor-element-23abfea e-con-full e-flex e-con e-child\" data-id=\"23abfea\" data-element_type=\"container\" data-e-type=\"container\">\n\t\t\t\t<div class=\"elementor-element elementor-element-5445003 elementor-widget elementor-widget-text-editor\" data-id=\"5445003\" data-element_type=\"widget\" data-e-type=\"widget\" data-widget_type=\"text-editor.default\">\n\t\t\t\t<div class=\"elementor-widget-container\">\n\t\t\t\t\t\t\t\t\t<p>Atua\u00e7\u00e3o da Orquestra de Fados da Universidade na casa de <strong>fados Nini<\/strong> em Lisboa no passado dia 27 de maio<\/p>\t\t\t\t\t\t\t\t<\/div>\n\t\t\t\t<\/div>\n\t\t\t\t<\/div>\n\t\t<div class=\"elementor-element elementor-element-1d6dc7a e-con-full e-flex e-con e-child\" data-id=\"1d6dc7a\" data-element_type=\"container\" data-e-type=\"container\">\n\t\t\t\t<\/div>\n\t\t<div class=\"elementor-element elementor-element-28a2fe8 e-con-full e-flex e-con e-child\" data-id=\"28a2fe8\" data-element_type=\"container\" data-e-type=\"container\">\n\t\t\t\t<\/div>\n\t\t\t\t\t<\/div>\n\t\t\t\t<\/div>\n\t\t<div class=\"elementor-element elementor-element-96d8bb8 e-flex e-con-boxed e-con e-parent\" data-id=\"96d8bb8\" data-element_type=\"container\" data-e-type=\"container\">\n\t\t\t\t\t<div class=\"e-con-inner\">\n\t\t<div class=\"elementor-element elementor-element-95a69b5 e-con-full e-flex e-con e-child\" data-id=\"95a69b5\" data-element_type=\"container\" data-e-type=\"container\">\n\t\t\t\t<div class=\"elementor-element elementor-element-543825c elementor-widget elementor-widget-video\" data-id=\"543825c\" data-element_type=\"widget\" data-e-type=\"widget\" data-settings=\"{&quot;youtube_url&quot;:&quot;https:\\\/\\\/youtu.be\\\/K96IMh4xGb4&quot;,&quot;video_type&quot;:&quot;youtube&quot;,&quot;controls&quot;:&quot;yes&quot;}\" data-widget_type=\"video.default\">\n\t\t\t\t<div class=\"elementor-widget-container\">\n\t\t\t\t\t\t\t<div class=\"elementor-wrapper elementor-open-inline\">\n\t\t\t<div class=\"elementor-video\"><\/div>\t\t<\/div>\n\t\t\t\t\t\t<\/div>\n\t\t\t\t<\/div>\n\t\t\t\t<\/div>\n\t\t<div class=\"elementor-element elementor-element-697d86d e-con-full e-flex e-con e-child\" data-id=\"697d86d\" data-element_type=\"container\" data-e-type=\"container\">\n\t\t\t\t<div class=\"elementor-element elementor-element-8ed4251 elementor-widget elementor-widget-video\" data-id=\"8ed4251\" data-element_type=\"widget\" data-e-type=\"widget\" data-settings=\"{&quot;youtube_url&quot;:&quot;https:\\\/\\\/youtu.be\\\/F0wvs1H-QPE&quot;,&quot;video_type&quot;:&quot;youtube&quot;,&quot;controls&quot;:&quot;yes&quot;}\" data-widget_type=\"video.default\">\n\t\t\t\t<div class=\"elementor-widget-container\">\n\t\t\t\t\t\t\t<div class=\"elementor-wrapper elementor-open-inline\">\n\t\t\t<div class=\"elementor-video\"><\/div>\t\t<\/div>\n\t\t\t\t\t\t<\/div>\n\t\t\t\t<\/div>\n\t\t\t\t<\/div>\n\t\t<div class=\"elementor-element elementor-element-4923636 e-con-full e-flex e-con e-child\" data-id=\"4923636\" data-element_type=\"container\" data-e-type=\"container\">\n\t\t\t\t<div class=\"elementor-element elementor-element-8853fc2 elementor-widget elementor-widget-video\" data-id=\"8853fc2\" data-element_type=\"widget\" data-e-type=\"widget\" data-settings=\"{&quot;youtube_url&quot;:&quot;https:\\\/\\\/youtu.be\\\/zQhhPj4Yd80&quot;,&quot;video_type&quot;:&quot;youtube&quot;,&quot;controls&quot;:&quot;yes&quot;}\" data-widget_type=\"video.default\">\n\t\t\t\t<div class=\"elementor-widget-container\">\n\t\t\t\t\t\t\t<div class=\"elementor-wrapper elementor-open-inline\">\n\t\t\t<div class=\"elementor-video\"><\/div>\t\t<\/div>\n\t\t\t\t\t\t<\/div>\n\t\t\t\t<\/div>\n\t\t\t\t<\/div>\n\t\t<div class=\"elementor-element elementor-element-08219e5 e-con-full e-flex e-con e-child\" data-id=\"08219e5\" data-element_type=\"container\" data-e-type=\"container\">\n\t\t\t\t<div class=\"elementor-element elementor-element-c060344 elementor-widget elementor-widget-text-editor\" data-id=\"c060344\" data-element_type=\"widget\" data-e-type=\"widget\" data-widget_type=\"text-editor.default\">\n\t\t\t\t<div class=\"elementor-widget-container\">\n\t\t\t\t\t\t\t\t\t<p style=\"text-align: center;\">Atua\u00e7\u00e3o da Orquestra de Fados da Universidade a convite do INATEL no seu anivers\u00e1rio<\/p>\t\t\t\t\t\t\t\t<\/div>\n\t\t\t\t<\/div>\n\t\t\t\t<\/div>\n\t\t<div class=\"elementor-element elementor-element-d05b6b2 e-con-full e-flex e-con e-child\" data-id=\"d05b6b2\" data-element_type=\"container\" data-e-type=\"container\">\n\t\t\t\t<div class=\"elementor-element elementor-element-561e62e elementor-widget elementor-widget-text-editor\" data-id=\"561e62e\" data-element_type=\"widget\" data-e-type=\"widget\" data-widget_type=\"text-editor.default\">\n\t\t\t\t<div class=\"elementor-widget-container\">\n\t\t\t\t\t\t\t\t\t<p style=\"text-align: center;\">Atua\u00e7\u00e3o do Grupo JUBILATO\u00a0 no encontro de Universidades S\u00e9niores em Miranda do Douro- maio de 2024<\/p>\t\t\t\t\t\t\t\t<\/div>\n\t\t\t\t<\/div>\n\t\t\t\t<\/div>\n\t\t<div class=\"elementor-element elementor-element-1151b79 e-con-full e-flex e-con e-child\" data-id=\"1151b79\" data-element_type=\"container\" data-e-type=\"container\">\n\t\t\t\t<div class=\"elementor-element elementor-element-6d8c539 elementor-widget elementor-widget-text-editor\" data-id=\"6d8c539\" data-element_type=\"widget\" data-e-type=\"widget\" data-widget_type=\"text-editor.default\">\n\t\t\t\t<div class=\"elementor-widget-container\">\n\t\t\t\t\t\t\t\t\t<p style=\"text-align: center;\">Atua\u00e7\u00e3o da ORQUESTRA DE FADOS\u00a0 no encontro de Universidades S\u00e9niores em Miranda do Douro- maio de 2024<\/p>\t\t\t\t\t\t\t\t<\/div>\n\t\t\t\t<\/div>\n\t\t\t\t<\/div>\n\t\t\t\t\t<\/div>\n\t\t\t\t<\/div>\n\t\t\t\t<\/div>\n\t\t","protected":false},"excerpt":{"rendered":"<p>https:\/\/youtu.be\/KgYD3FmVuoI Atua\u00e7\u00e3o da Orquestra de Fados da Universidade na casa de fados Nini em Lisboa no passado dia 27 de maio https:\/\/youtu.be\/K96IMh4xGb4https:\/\/youtu.be\/F0wvs1H-QPEhttps:\/\/youtu.be\/zQhhPj4Yd80 Atua\u00e7\u00e3o da Orquestra de Fados da Universidade a convite do INATEL no seu anivers\u00e1rio Atua\u00e7\u00e3o do Grupo JUBILATO\u00a0 no encontro de Universidades S\u00e9niores em Miranda do Douro- maio de 2024 Atua\u00e7\u00e3o da ORQUESTRA [&hellip;]<\/p>\n","protected":false},"author":1,"featured_media":0,"parent":0,"menu_order":0,"comment_status":"closed","ping_status":"closed","template":"","meta":{"site-sidebar-layout":"no-sidebar","site-content-layout":"page-builder","ast-site-content-layout":"full-width-container","site-content-style":"default","site-sidebar-style":"default","ast-global-header-display":"","ast-banner-title-visibility":"","ast-main-header-display":"","ast-hfb-above-header-display":"","ast-hfb-below-header-display":"","ast-hfb-mobile-header-display":"","site-post-title":"disabled","ast-breadcrumbs-content":"","ast-featured-img":"disabled","footer-sml-layout":"","ast-disable-related-posts":"","theme-transparent-header-meta":"","adv-header-id-meta":"","stick-header-meta":"","header-above-stick-meta":"","header-main-stick-meta":"","header-below-stick-meta":"","astra-migrate-meta-layouts":"set","ast-page-background-enabled":"default","ast-page-background-meta":{"desktop":{"background-color":"","background-image":"","background-repeat":"repeat","background-position":"center center","background-size":"auto","background-attachment":"scroll","background-type":"","background-media":"","overlay-type":"","overlay-color":"","overlay-opacity":"","overlay-gradient":""},"tablet":{"background-color":"","background-image":"","background-repeat":"repeat","background-position":"center center","background-size":"auto","background-attachment":"scroll","background-type":"","background-media":"","overlay-type":"","overlay-color":"","overlay-opacity":"","overlay-gradient":""},"mobile":{"background-color":"","background-image":"","background-repeat":"repeat","background-position":"center center","background-size":"auto","background-attachment":"scroll","background-type":"","background-media":"","overlay-type":"","overlay-color":"","overlay-opacity":"","overlay-gradient":""}},"ast-content-background-meta":{"desktop":{"background-color":"var(--ast-global-color-5)","background-image":"","background-repeat":"repeat","background-position":"center center","background-size":"auto","background-attachment":"scroll","background-type":"","background-media":"","overlay-type":"","overlay-color":"","overlay-opacity":"","overlay-gradient":""},"tablet":{"background-color":"var(--ast-global-color-5)","background-image":"","background-repeat":"repeat","background-position":"center center","background-size":"auto","background-attachment":"scroll","background-type":"","background-media":"","overlay-type":"","overlay-color":"","overlay-opacity":"","overlay-gradient":""},"mobile":{"background-color":"var(--ast-global-color-5)","background-image":"","background-repeat":"repeat","background-position":"center center","background-size":"auto","background-attachment":"scroll","background-type":"","background-media":"","overlay-type":"","overlay-color":"","overlay-opacity":"","overlay-gradient":""}},"footnotes":""},"class_list":["post-1041","page","type-page","status-publish","hentry"],"_links":{"self":[{"href":"https:\/\/usbraganca.pt\/index.php?rest_route=\/wp\/v2\/pages\/1041","targetHints":{"allow":["GET"]}}],"collection":[{"href":"https:\/\/usbraganca.pt\/index.php?rest_route=\/wp\/v2\/pages"}],"about":[{"href":"https:\/\/usbraganca.pt\/index.php?rest_route=\/wp\/v2\/types\/page"}],"author":[{"embeddable":true,"href":"https:\/\/usbraganca.pt\/index.php?rest_route=\/wp\/v2\/users\/1"}],"replies":[{"embeddable":true,"href":"https:\/\/usbraganca.pt\/index.php?rest_route=%2Fwp%2Fv2%2Fcomments&post=1041"}],"version-history":[{"count":0,"href":"https:\/\/usbraganca.pt\/index.php?rest_route=\/wp\/v2\/pages\/1041\/revisions"}],"wp:attachment":[{"href":"https:\/\/usbraganca.pt\/index.php?rest_route=%2Fwp%2Fv2%2Fmedia&parent=1041"}],"curies":[{"name":"wp","href":"https:\/\/api.w.org\/{rel}","templated":true}]}}